{"id":2407,"date":"2023-03-31T12:33:15","date_gmt":"2023-03-31T15:33:15","guid":{"rendered":"https:\/\/meklogistics.com.br\/?page_id=2407"},"modified":"2024-03-06T16:07:23","modified_gmt":"2024-03-06T19:07:23","slug":"sobre","status":"publish","type":"page","link":"https:\/\/meklogistics.com.br\/es\/sobre\/","title":{"rendered":"SOBRE"},"content":{"rendered":"<div class=\"wpb-content-wrapper\"><p>[vc_row full_width=\u00bbstretch_row_content_no_spaces\u00bb content_placement=\u00bbmiddle\u00bb][vc_column]\n\t\t\t<!-- START Sobre REVOLUTION SLIDER 6.7.18 --><p class=\"rs-p-wp-fix\"><\/p>\n\t\t\t<rs-module-wrap id=\"rev_slider_3_3_wrapper\" data-source=\"gallery\" style=\"visibility:hidden;background:#000000;padding:0;margin:0px auto;margin-top:0;margin-bottom:0;\">\n\t\t\t\t<rs-module id=\"rev_slider_3_3\" style=\"\" data-version=\"6.7.18\">\n\t\t\t\t\t<rs-slides style=\"overflow: hidden; position: absolute;\">\n\t\t\t\t\t\t<rs-slide style=\"position: absolute;\" data-key=\"rs-6\" data-title=\"3\" data-anim=\"adpr:false;\" data-in=\"o:0;\" data-out=\"a:false;\" data-sloop=\"s:0;e:14000;\">\n\t\t\t\t\t\t\t<img fetchpriority=\"high\" decoding=\"async\" src=\"\/\/meklogistics.com.br\/wp-content\/plugins\/revslider\/sr6\/assets\/assets\/dummy.png\" alt=\"\" title=\"Comp-1-sem-GC_6.jpeg\" width=\"1920\" height=\"1080\" class=\"rev-slidebg tp-rs-img rs-lazyload\" data-lazyload=\"\/\/meklogistics.com.br\/wp-content\/uploads\/revslider\/video-media\/Comp-1-sem-GC_6.jpeg\" data-no-retina>\n\t\t\t\t\t\t\t<rs-bgvideo \n\t\t\t\t\t\t\t\tdata-video=\"w:100%;h:100%;end:00:15;nse:false;sat:true;l:true;ptimer:false;vfc:true;\"\n\t\t\t\t\t\t\t\tdata-mp4=\"\/\/meklogistics.com.br\/wp-content\/uploads\/2023\/04\/Comp-1-sem-GC.mp4\"\n\t\t\t\t\t\t\t><\/rs-bgvideo>\n<!--\n\t\t\t\t\t\t\t--><rs-layer\n\t\t\t\t\t\t\t\tid=\"slider-3-slide-6-layer-1\" \n\t\t\t\t\t\t\t\tclass=\"tp-shape tp-shapewrapper\"\n\t\t\t\t\t\t\t\tdata-type=\"shape\"\n\t\t\t\t\t\t\t\tdata-xy=\"xo:-21px;yo:855px;\"\n\t\t\t\t\t\t\t\tdata-text=\"w:normal;fw:100;a:inherit;\"\n\t\t\t\t\t\t\t\tdata-dim=\"w:100%;h:100%;\"\n\t\t\t\t\t\t\t\tdata-basealign=\"slide\"\n\t\t\t\t\t\t\t\tdata-rsp_o=\"off\"\n\t\t\t\t\t\t\t\tdata-frame_1=\"sR:10;\"\n\t\t\t\t\t\t\t\tdata-frame_999=\"o:0;st:w;sR:8690;\"\n\t\t\t\t\t\t\t\tstyle=\"z-index:5;background-color:rgba(0,0,0,0.35);\"\n\t\t\t\t\t\t\t> \n\t\t\t\t\t\t\t<\/rs-layer><!--\n-->\t\t\t\t\t<\/rs-slide>\n\t\t\t\t\t<\/rs-slides>\n\t\t\t\t<\/rs-module>\n\t\t\t\t<script>\n\t\t\t\t\tsetREVStartSize({c: 'rev_slider_3_3',rl:[1240,1024,778,480],el:[380,700,960,720],gw:[1140,1024,778,720],gh:[380,350,350,480],type:'standard',justify:'',layout:'fullwidth',mh:\"0\"});if (window.RS_MODULES!==undefined && window.RS_MODULES.modules!==undefined && window.RS_MODULES.modules[\"revslider33\"]!==undefined) {window.RS_MODULES.modules[\"revslider33\"].once = false;window.revapi3_3 = undefined;if (window.RS_MODULES.checkMinimal!==undefined) window.RS_MODULES.checkMinimal()}\n\t\t\t\t<\/script>\n\t\t\t<\/rs-module-wrap>\n\t\t\t<!-- END REVOLUTION SLIDER -->\n[\/vc_column][\/vc_row][vc_row][vc_column width=\u00bb1\/6&#8243;][\/vc_column][vc_column width=\u00bb2\/3&#8243;][lab_heading title=\u00bbSOBRE\u00bb css=\u00bb.vc_custom_1691272265229{margin-bottom: -5px !important;}\u00bb][\/lab_heading][vc_empty_space][vc_column_text css_animation=\u00bbleft-to-right\u00bb]<\/p>\n<p style=\"text-align: justify;\"><i><span style=\"font-weight: 400;\">M&amp;K Assessoria, Exportadora e Importadora Ltda<\/span><\/i><span style=\"font-weight: 400;\"> (M&amp;K Log\u00edstica) nace de la necesidad de reducir costos en el sector de comercio exterior de uno de nuestros actuales clientes. Al observar esta oportunidad, Marcos y Ketch, fundadores de M&amp;K Log\u00edstica, presentaron el proyecto de tercerizaci\u00f3n para el sector en cuesti\u00f3n, con el objetivo de reducir estos costos. En diciembre de 1996 se present\u00f3 la propuesta y, en el mismo a\u00f1o, se aprob\u00f3.<\/span><\/p>\n<p style=\"text-align: justify;\"><span style=\"font-weight: 400;\">El 22 de enero de 1997, M&amp;K Logistics inici\u00f3 sus operaciones de importaci\u00f3n y exportaci\u00f3n para su primer cliente, al cual se le contin\u00faa brindando servicios con operaciones continuas y de gran escala. Tambi\u00e9n en 1997, a trav\u00e9s de una prueba de env\u00edo de muestras de explosivos para la miner\u00eda, M&amp;K Log\u00edstica inici\u00f3 operaciones con su segundo cliente.<\/span><\/p>\n<p style=\"text-align: justify;\"><span style=\"font-weight: 400;\">Asimismo, continuaron prestando servicios a este segundo cliente, tambi\u00e9n a gran escala. De esta forma, M&amp;K Log\u00edstica se consolid\u00f3 en el mercado log\u00edstico especializ\u00e1ndose en materiales considerados peligrosos, controlados y sensibles. As\u00ed naci\u00f3 la empresa que hoy es referencia en el mercado nacional e internacional, realizando operaciones log\u00edsticas para todos los continentes y m\u00e1s de 100 pa\u00edses, con amplia y diversificada cartera de clientes en los sectores militar, de seguridad p\u00fablica y explosivos industriales.<\/span><\/p>\n<p style=\"text-align: justify;\"><span style=\"font-weight: 400;\">Con sede en S\u00e3o Bernardo do Campo (Brasil), M&amp;K LOGISTICS tiene una amplia estructura, con presencia en varias ciudades estrat\u00e9gicas del pa\u00eds. El m\u00e9todo de alianzas con representaciones estrat\u00e9gicas nacionales e internacionales les permite monitorear estrictamente todo el proceso, asegurando la total trazabilidad y buscando una perfecta coordinaci\u00f3n en todas las actividades de la cadena log\u00edstica.<\/span><\/p>\n<p style=\"text-align: justify;\"><span style=\"font-weight: 400;\">Adem\u00e1s, M&amp;K Logistics cuenta con varios socios estrat\u00e9gicos y especializados en el almacenamiento de los productos con los que opera. Estos socios tienen una gran reputaci\u00f3n en los mercados nacionales e internacionales. Buscando siempre, de manera cuidadosa y segura, responder a las m\u00e1s diversas necesidades de los clientes. Ofreci\u00e9ndoles los mejores servicios en toda la cadena log\u00edstica.<\/span><\/p>\n<p style=\"text-align: justify;\"><span style=\"font-weight: 400;\">Directrices de M&amp;K<\/span><\/p>\n<ul>\n<li style=\"font-weight: 400; text-align: justify;\" aria-level=\"1\"><span style=\"font-weight: 400;\">Brindar servicios y soporte que satisfagan las expectativas de todos nuestros clientes con un enfoque en la calidad y la satisfacci\u00f3n;\u00a0\u00a0\u00a0\u00a0\u00a0\u00a0\u00a0\u00a0\u00a0\u00a0\u00a0\u00a0\u00a0\u00a0\u00a0\u00a0\u00a0\u00a0\u00a0\u00a0\u00a0\u00a0\u00a0\u00a0\u00a0\u00a0\u00a0\u00a0\u00a0\u00a0\u00a0\u00a0\u00a0\u00a0\u00a0\u00a0\u00a0\u00a0\u00a0\u00a0\u00a0\u00a0\u00a0\u00a0\u00a0\u00a0\u00a0\u00a0\u00a0\u00a0\u00a0\u00a0\u00a0\u00a0\u00a0\u00a0\u00a0\u00a0\u00a0\u00a0\u00a0\u00a0\u00a0\u00a0\u00a0\u00a0\u00a0\u00a0\u00a0\u00a0\u00a0\u00a0\u00a0\u00a0\u00a0\u00a0\u00a0\u00a0\u00a0<\/span><\/li>\n<li style=\"font-weight: 400; text-align: justify;\" aria-level=\"1\"><span style=\"font-weight: 400;\">Asegurar la mejora continua en la prestaci\u00f3n de servicios;<\/span><\/li>\n<li style=\"font-weight: 400; text-align: justify;\" aria-level=\"1\"><span style=\"font-weight: 400;\">Centrarse en el empleado como parte integral de la evoluci\u00f3n de la empresa;<\/span><\/li>\n<li style=\"font-weight: 400; text-align: justify;\" aria-level=\"1\"><span style=\"font-weight: 400;\">Apoyar a todos los empleados en su desarrollo personal para que evolucionen como profesionales y cumplan con los requisitos de manera responsable;<\/span><\/li>\n<li style=\"font-weight: 400; text-align: justify;\" aria-level=\"1\"><span style=\"font-weight: 400;\">Asegurar las mejores pr\u00e1cticas de seguridad y salud en el trabajo y apoyar la conservaci\u00f3n del medio ambiente.<\/span><\/li>\n<\/ul>\n<p>[\/vc_column_text][\/vc_column][vc_column width=\u00bb1\/6&#8243;][\/vc_column][\/vc_row][vc_row full_width=\u00bbstretch_row_content_no_spaces\u00bb css_animation=\u00bbfadeIn\u00bb css=\u00bb.vc_custom_1686683658194{background-color: #0e2f78 !important;}\u00bb][vc_column width=\u00bb1\/4&#8243;][\/vc_column][vc_column width=\u00bb1\/2&#8243;][vc_column_text]<\/p>\n<p style=\"text-align: justify;\"><span style=\"font-weight: 400; color: #ffffff;\">Trabajando en el \u00e1rea de comercio exterior por m\u00e1s de 35 a\u00f1os, los socios Roberto y Marcos se unieron para construir un sue\u00f1o y actualmente trabajan juntos, en sociedad, por m\u00e1s de 26 a\u00f1os. El enfoque y la determinaci\u00f3n de ambos convirtieron su sociedad en una uni\u00f3n familiar que ha ido creciendo y cumpliendo objetivos a cada a\u00f1o, buscando siempre entregar el mejor resultado y asegurar la satisfacci\u00f3n de clientes y colaboradores.<\/span><\/p>\n<p>[\/vc_column_text][\/vc_column][vc_column width=\u00bb1\/4&#8243;][\/vc_column][\/vc_row][vc_row full_width=\u00bbstretch_row_content_no_spaces\u00bb css_animation=\u00bbfadeIn\u00bb css=\u00bb.vc_custom_1686683658194{background-color: #0e2f78 !important;}\u00bb][vc_column width=\u00bb1\/4&#8243;][\/vc_column][vc_column width=\u00bb1\/4&#8243;][vc_single_image image=\u00bb2727&#8243; img_size=\u00bb200X200&#8243; alignment=\u00bbcenter\u00bb style=\u00bbvc_box_circle_2&#8243;][vc_column_text]<\/p>\n<p style=\"text-align: center;\"><span style=\"color: #ffffff;\">MARCOS SARGENTO<\/span><\/p>\n<p>[\/vc_column_text][\/vc_column][vc_column width=\u00bb1\/4&#8243;][vc_single_image image=\u00bb2726&#8243; img_size=\u00bb200X200&#8243; alignment=\u00bbcenter\u00bb style=\u00bbvc_box_circle_2&#8243;][vc_column_text]<\/p>\n<p style=\"text-align: center;\"><span style=\"color: #ffffff;\">ROBERTO KETCHKECH<\/span><\/p>\n<p>[\/vc_column_text][\/vc_column][vc_column width=\u00bb1\/4&#8243;][\/vc_column][\/vc_row][vc_row][vc_column width=\u00bb1\/6&#8243;][\/vc_column][vc_column width=\u00bb2\/3&#8243;][vc_empty_space][vc_column_text css_animation=\u00bbfadeInLeft\u00bb]<\/p>\n<p style=\"text-align: justify;\"><span style=\"font-weight: 400;\">MISI\u00d3N<\/span><\/p>\n<ul style=\"text-align: justify;\">\n<li style=\"font-weight: 400;\" aria-level=\"1\"><span style=\"font-weight: 400;\">Brindar soluciones log\u00edsticas eficientes y confiables a nuestros clientes, superando sus expectativas e impulsando el crecimiento de sus negocios. Nuestro objetivo es ser reconocidos como l\u00edderes en el sector, brindando servicios log\u00edsticos de alta calidad, agregando valor a nuestros clientes y contribuyendo al desarrollo sostenible de las comunidades donde operamos.<\/span><\/li>\n<\/ul>\n<p style=\"text-align: justify;\"><span style=\"font-weight: 400;\">VISI\u00d3N<\/span><\/p>\n<ul style=\"text-align: justify;\">\n<li style=\"font-weight: 400;\" aria-level=\"1\"><span style=\"font-weight: 400;\">Ser la empresa de log\u00edstica m\u00e1s confiable, innovadora y preferida por los clientes en nuestra zona. Buscamos constantemente la excelencia en nuestros servicios, utilizando tecnolog\u00edas avanzadas y estrategias innovadoras para cumplir las demandas en constante evoluci\u00f3n del mercado. Queremos ser un referente en t\u00e9rminos de eficiencia operativa, calidad de servicio y satisfacci\u00f3n del cliente.<\/span><\/li>\n<\/ul>\n<p style=\"text-align: justify;\"><span style=\"font-weight: 400;\">VALORES<\/span><\/p>\n<ul>\n<li style=\"font-weight: 400; text-align: justify;\" aria-level=\"1\"><span style=\"font-weight: 400;\">Compromiso y responsabilidad<\/span><\/li>\n<li style=\"font-weight: 400; text-align: justify;\" aria-level=\"1\"><span style=\"font-weight: 400;\">Competencia e innovaci\u00f3n<\/span><\/li>\n<li style=\"font-weight: 400; text-align: justify;\" aria-level=\"1\"><span style=\"font-weight: 400;\">Respeto por los clientes y empleados<\/span><\/li>\n<\/ul>\n<p>[\/vc_column_text][\/vc_column][vc_column width=\u00bb1\/6&#8243;][\/vc_column][\/vc_row]<\/p>\n<\/div>","protected":false},"excerpt":{"rendered":"<p>[vc_row full_width=\u00bbstretch_row_content_no_spaces\u00bb content_placement=\u00bbmiddle\u00bb][vc_column][\/vc_column][\/vc_row][vc_row][vc_column width=\u00bb1\/6&#8243;][\/vc_column][vc_column width=\u00bb2\/3&#8243;][lab_heading title=\u00bbSOBRE\u00bb css=\u00bb.vc_custom_1691272265229{margin-bottom: -5px !important;}\u00bb][\/lab_heading][vc_empty_space][vc_column_text css_animation=\u00bbleft-to-right\u00bb] M&amp;K Assessoria, Exportadora e Importadora Ltda (M&amp;K Log\u00edstica) nace de la necesidad de reducir costos en el sector de comercio exterior de uno de nuestros actuales clientes. Al observar esta oportunidad, Marcos y Ketch, fundadores de M&amp;K Log\u00edstica, presentaron el proyecto de tercerizaci\u00f3n para el&hellip;<\/p>\n","protected":false},"author":1,"featured_media":0,"parent":0,"menu_order":0,"comment_status":"closed","ping_status":"closed","template":"","meta":{"_joinchat":[],"footnotes":""},"class_list":["post-2407","page","type-page","status-publish","hentry"],"acf":[],"_links":{"self":[{"href":"https:\/\/meklogistics.com.br\/es\/wp-json\/wp\/v2\/pages\/2407","targetHints":{"allow":["GET"]}}],"collection":[{"href":"https:\/\/meklogistics.com.br\/es\/wp-json\/wp\/v2\/pages"}],"about":[{"href":"https:\/\/meklogistics.com.br\/es\/wp-json\/wp\/v2\/types\/page"}],"author":[{"embeddable":true,"href":"https:\/\/meklogistics.com.br\/es\/wp-json\/wp\/v2\/users\/1"}],"replies":[{"embeddable":true,"href":"https:\/\/meklogistics.com.br\/es\/wp-json\/wp\/v2\/comments?post=2407"}],"version-history":[{"count":118,"href":"https:\/\/meklogistics.com.br\/es\/wp-json\/wp\/v2\/pages\/2407\/revisions"}],"predecessor-version":[{"id":3225,"href":"https:\/\/meklogistics.com.br\/es\/wp-json\/wp\/v2\/pages\/2407\/revisions\/3225"}],"wp:attachment":[{"href":"https:\/\/meklogistics.com.br\/es\/wp-json\/wp\/v2\/media?parent=2407"}],"curies":[{"name":"wp","href":"https:\/\/api.w.org\/{rel}","templated":true}]}}