{"id":2804,"date":"2023-06-13T16:47:59","date_gmt":"2023-06-13T19:47:59","guid":{"rendered":"https:\/\/meklogistics.com.br\/?page_id=2804"},"modified":"2023-08-05T19:23:17","modified_gmt":"2023-08-05T22:23:17","slug":"exportacao-e-importacao","status":"publish","type":"page","link":"https:\/\/meklogistics.com.br\/es\/exportacao-e-importacao\/","title":{"rendered":"EXPORTACI\u00d3N E IMPORTACI\u00d3N"},"content":{"rendered":"<div class=\"wpb-content-wrapper\"><p>[vc_row full_width=\u00bbstretch_row\u00bb][vc_column][layerslider_vc id=\u00bb2&#8243;][\/vc_column][\/vc_row][vc_row][vc_column width=\u00bb1\/6&#8243;][\/vc_column][vc_column width=\u00bb1\/2&#8243;][lab_heading title=\u00bbEXPORTACI\u00d3N E IMPORTACI\u00d3N\u00bb][\/lab_heading][\/vc_column][vc_column width=\u00bb1\/6&#8243;][\/vc_column][\/vc_row][vc_row][vc_column width=\u00bb1\/6&#8243;][vc_empty_space][\/vc_column][vc_column width=\u00bb2\/3&#8243;][vc_column_text css_animation=\u00bbleft-to-right\u00bb]<\/p>\n<p style=\"text-align: justify;\"><span style=\"font-weight: 400;\">Nuestra empresa ofrece servicios integrales de seguimiento y gesti\u00f3n del proceso de exportaci\u00f3n e importaci\u00f3n, brindando apoyo especializado en todas las etapas del comercio internacional. Con una amplia experiencia en esta industria, podemos garantizar que sus operaciones se realicen de manera eficiente y de conformidad con las regulaciones gubernamentales.<\/span><\/p>\n<p style=\"text-align: justify;\"><span style=\"font-weight: 400;\">Aqu\u00ed puede ver una descripci\u00f3n detallada de nuestros servicios:<\/span><\/p>\n<ul style=\"text-align: justify;\">\n<li style=\"font-weight: 400;\" aria-level=\"1\"><span style=\"font-weight: 400;\">Seguimiento y gesti\u00f3n del proceso de exportaci\u00f3n e importaci\u00f3n: Desde la puesta a disposici\u00f3n de la carga hasta su entrega en destino final, coordinamos la planificaci\u00f3n, seguimiento y supervisi\u00f3n de la carga, velando por su seguridad e integridad durante todo el trayecto.<\/span><\/li>\n<li style=\"font-weight: 400;\" aria-level=\"1\"><span style=\"font-weight: 400;\">Permisos y licencias obligatorios: Gestionamos todos los permisos y licencias necesarios con los organismos gubernamentales pertinentes. Esto incluye la obtenci\u00f3n de documentos de aduanas (en Brasil, la <\/span><i><span style=\"font-weight: 400;\">Receita Federal)<\/span><\/i><span style=\"font-weight: 400;\">, Ej\u00e9rcito, Ministerio de Defensa, Ministerio de Relaciones Exteriores y otros organismos gubernamentales requeridos para ciertos tipos de bienes.<\/span><\/li>\n<\/ul>\n<ul style=\"text-align: justify;\">\n<li style=\"font-weight: 400;\" aria-level=\"1\"><span style=\"font-weight: 400;\">Asesor\u00eda en legislaci\u00f3n internacional: Nuestros especialistas en comercio exterior brindan una completa asesor\u00eda en materia de leyes internacionales de exportaci\u00f3n. Brindamos orientaci\u00f3n clara y precisa, ayud\u00e1ndolo a evitar riesgos y garantizar una operaci\u00f3n de exportaci\u00f3n exitosa.\u00a0 \u00a0 Reg\u00edmenes aduaneros especiales: Si necesita realizar una exportaci\u00f3n o importaci\u00f3n temporal o quiere acogerse a reg\u00edmenes aduaneros especiales, nuestro equipo le guiar\u00e1 en este proceso. Podemos ayudarle con la documentaci\u00f3n y tr\u00e1mites necesarios para que su carga se beneficie de estos reg\u00edmenes aduaneros especiales, optimizando as\u00ed sus costes y plazos.\u00a0\u00a0\u00a0\u00a0\u00a0\u00a0\u00a0\u00a0\u00a0\u00a0\u00a0\u00a0\u00a0\u00a0\u00a0\u00a0\u00a0\u00a0\u00a0\u00a0\u00a0\u00a0\u00a0\u00a0\u00a0\u00a0\u00a0\u00a0\u00a0\u00a0\u00a0\u00a0\u00a0\u00a0\u00a0\u00a0\u00a0\u00a0\u00a0\u00a0\u00a0\u00a0\u00a0\u00a0\u00a0\u00a0\u00a0\u00a0\u00a0\u00a0\u00a0\u00a0\u00a0\u00a0\u00a0\u00a0\u00a0\u00a0\u00a0\u00a0\u00a0\u00a0\u00a0\u00a0\u00a0\u00a0\u00a0\u00a0\u00a0\u00a0\u00a0\u00a0\u00a0\u00a0\u00a0\u00a0\u00a0\u00a0\u00a0\u00a0\u00a0\u00a0\u00a0\u00a0<\/span><\/li>\n<\/ul>\n<ul style=\"text-align: justify;\">\n<li style=\"font-weight: 400;\" aria-level=\"1\"><span style=\"font-weight: 400;\">Apertura y control de actos de Drawback: Como parte de nuestros servicios, ofrecemos soporte completo en la apertura y control de actos de Drawback. Nuestro equipo lo guiar\u00e1 en la elaboraci\u00f3n de los documentos y requisitos necesarios, adem\u00e1s de hacer un seguimiento a todo el proceso hasta el alta final.<\/span><\/li>\n<li style=\"font-weight: 400;\" aria-level=\"1\"><span style=\"font-weight: 400;\">Desarrollo de procesos de distribuci\u00f3n internacional: Trabajamos en el desarrollo de procesos de distribuci\u00f3n personalizados que cumplan con sus especificaciones. Analizamos su cadena de suministro y ofrecemos soluciones log\u00edsticas a medida, considerando las particularidades de cada mercado y asegurando la entrega r\u00e1pida y segura de sus productos.<\/span><\/li>\n<\/ul>\n<p style=\"text-align: justify;\"><span style=\"font-weight: 400;\">Al confiar en nuestros servicios integrales de supervisi\u00f3n y gesti\u00f3n del comercio internacional, podr\u00e1 concentrarse en su negocio principal, mientras nosotros nos ocupamos de todos los aspectos operativos y legales del proceso de exportaci\u00f3n e importaci\u00f3n. Con nuestra experiencia y conocimiento, garantizamos un abordaje personalizado, eficiente y seguro de sus necesidades de comercio exterior.<\/span><\/p>\n<p>[\/vc_column_text][\/vc_column][vc_column width=\u00bb1\/6&#8243;][\/vc_column][\/vc_row][vc_row][vc_column][vc_column_text]<\/p>\n<p>[\/vc_column_text][\/vc_column][\/vc_row]<\/p>\n<\/div>","protected":false},"excerpt":{"rendered":"<p>[vc_row full_width=\u00bbstretch_row\u00bb][vc_column][layerslider_vc id=\u00bb2&#8243;][\/vc_column][\/vc_row][vc_row][vc_column width=\u00bb1\/6&#8243;][\/vc_column][vc_column width=\u00bb1\/2&#8243;][lab_heading title=\u00bbEXPORTACI\u00d3N E IMPORTACI\u00d3N\u00bb][\/lab_heading][\/vc_column][vc_column width=\u00bb1\/6&#8243;][\/vc_column][\/vc_row][vc_row][vc_column width=\u00bb1\/6&#8243;][vc_empty_space][\/vc_column][vc_column width=\u00bb2\/3&#8243;][vc_column_text css_animation=\u00bbleft-to-right\u00bb] Nuestra empresa ofrece servicios integrales de seguimiento y gesti\u00f3n del proceso de exportaci\u00f3n e importaci\u00f3n, brindando apoyo especializado en todas las etapas del comercio internacional. Con una amplia experiencia en esta industria, podemos garantizar que sus operaciones se realicen de manera eficiente y&hellip;<\/p>\n","protected":false},"author":1,"featured_media":0,"parent":0,"menu_order":0,"comment_status":"closed","ping_status":"closed","template":"","meta":{"_joinchat":[],"footnotes":""},"class_list":["post-2804","page","type-page","status-publish","hentry"],"acf":[],"_links":{"self":[{"href":"https:\/\/meklogistics.com.br\/es\/wp-json\/wp\/v2\/pages\/2804","targetHints":{"allow":["GET"]}}],"collection":[{"href":"https:\/\/meklogistics.com.br\/es\/wp-json\/wp\/v2\/pages"}],"about":[{"href":"https:\/\/meklogistics.com.br\/es\/wp-json\/wp\/v2\/types\/page"}],"author":[{"embeddable":true,"href":"https:\/\/meklogistics.com.br\/es\/wp-json\/wp\/v2\/users\/1"}],"replies":[{"embeddable":true,"href":"https:\/\/meklogistics.com.br\/es\/wp-json\/wp\/v2\/comments?post=2804"}],"version-history":[{"count":69,"href":"https:\/\/meklogistics.com.br\/es\/wp-json\/wp\/v2\/pages\/2804\/revisions"}],"predecessor-version":[{"id":3160,"href":"https:\/\/meklogistics.com.br\/es\/wp-json\/wp\/v2\/pages\/2804\/revisions\/3160"}],"wp:attachment":[{"href":"https:\/\/meklogistics.com.br\/es\/wp-json\/wp\/v2\/media?parent=2804"}],"curies":[{"name":"wp","href":"https:\/\/api.w.org\/{rel}","templated":true}]}}