{"id":2815,"date":"2023-06-13T17:01:24","date_gmt":"2023-06-13T20:01:24","guid":{"rendered":"https:\/\/meklogistics.com.br\/?page_id=2815"},"modified":"2023-08-05T19:58:24","modified_gmt":"2023-08-05T22:58:24","slug":"promocao-comercial","status":"publish","type":"page","link":"https:\/\/meklogistics.com.br\/es\/promocao-comercial\/","title":{"rendered":"Promoci\u00f3n Comercial"},"content":{"rendered":"<div class=\"wpb-content-wrapper\"><p>[vc_row full_width=\u00bbstretch_row\u00bb][vc_column][layerslider_vc id=\u00bb5&#8243;][\/vc_column][\/vc_row][vc_row][vc_column width=\u00bb1\/6&#8243;][\/vc_column][vc_column width=\u00bb3\/4&#8243;][lab_heading title=\u00bbPROMO\u00c7\u00c3O COMERCIAL\u00bb][\/lab_heading][\/vc_column][\/vc_row][vc_row][vc_column width=\u00bb1\/6&#8243;][vc_empty_space][\/vc_column][vc_column width=\u00bb2\/3&#8243;][vc_column_text css_animation=\u00bbleft-to-right\u00bb]<\/p>\n<p style=\"text-align: justify;\"><span style=\"font-weight: 400;\">A trav\u00e9s de su Departamento Comercial, M&amp;K LOGISTICS tambi\u00e9n dispone de un servicio de promoci\u00f3n y representaci\u00f3n comercial de los m\u00e1s diversos productos y proyectos. Esto se debe a la gran capilaridad de la empresa para llevar a cabo negocios exitosos en todo el mundo.<\/span><\/p>\n<p style=\"text-align: justify;\"><span style=\"font-weight: 400;\">As\u00ed, tanto para empresas que buscan en el extranjero proveedores confiables y de calidad para importar materias primas o productos terminados, como para empresas que buscan iniciar o expandir sus operaciones en el mercado internacional, M&amp;K LOGISTICS cuenta con un departamento con la experiencia y calificaci\u00f3n necesaria para ofrecer las mejores opciones a sus clientes.<\/span><\/p>\n<p style=\"text-align: justify;\"><span style=\"font-weight: 400;\">Principales servicios de promoci\u00f3n del comercio internacional:<\/span><\/p>\n<ul style=\"text-align: justify;\">\n<li style=\"font-weight: 400;\" aria-level=\"1\"><span style=\"font-weight: 400;\">Estudios de mercado: Realizamos estudios de mercado para ayudar a las empresas a comprender el entorno comercial en un mercado extranjero determinado. Esto incluye informaci\u00f3n sobre la competencia, la demanda, las tendencias del mercado, las normas y los requisitos locales.<\/span><\/li>\n<li style=\"font-weight: 400;\" aria-level=\"1\"><span style=\"font-weight: 400;\">Identificaci\u00f3n de oportunidades de negocio: Con base en estudios de mercado, ayudamos a las empresas a identificar oportunidades de negocio viables y rentables en mercados internacionales espec\u00edficos. Esto puede incluir la identificaci\u00f3n de posibles socios comerciales, distribuidores, clientes o proveedores extranjeros.<\/span><\/li>\n<li style=\"font-weight: 400;\" aria-level=\"1\"><span style=\"font-weight: 400;\">Networking: Ayudamos a construir una s\u00f3lida red de contactos en el mercado exterior, facilitando reuniones de negocios, organizando eventos de networking, ferias comerciales y misiones comerciales.<\/span><\/li>\n<li style=\"font-weight: 400;\" aria-level=\"1\"><span style=\"font-weight: 400;\">Asistencia legal y regulatoria: Asesoramos a las empresas sobre los requisitos legales, regulatorios y aduaneros espec\u00edficos de un pa\u00eds o regi\u00f3n en particular. Esto puede incluir cuestiones relacionadas con impuestos, licencias, certificaciones, protecci\u00f3n de la propiedad intelectual y cumplimiento de la normativa local.<\/span><\/li>\n<\/ul>\n<p style=\"text-align: justify;\"><span style=\"font-weight: 400;\">El objetivo general es ayudar a las empresas a superar las barreras y los desaf\u00edos asociados con la expansi\u00f3n internacional, facilitando el comercio e impulsando el crecimiento global.<\/span><\/p>\n<p>[\/vc_column_text][\/vc_column][vc_column width=\u00bb1\/6&#8243;][\/vc_column][\/vc_row]<\/p>\n<\/div>","protected":false},"excerpt":{"rendered":"<p>[vc_row full_width=\u00bbstretch_row\u00bb][vc_column][layerslider_vc id=\u00bb5&#8243;][\/vc_column][\/vc_row][vc_row][vc_column width=\u00bb1\/6&#8243;][\/vc_column][vc_column width=\u00bb3\/4&#8243;][lab_heading title=\u00bbPROMO\u00c7\u00c3O COMERCIAL\u00bb][\/lab_heading][\/vc_column][\/vc_row][vc_row][vc_column width=\u00bb1\/6&#8243;][vc_empty_space][\/vc_column][vc_column width=\u00bb2\/3&#8243;][vc_column_text css_animation=\u00bbleft-to-right\u00bb] A trav\u00e9s de su Departamento Comercial, M&amp;K LOGISTICS tambi\u00e9n dispone de un servicio de promoci\u00f3n y representaci\u00f3n comercial de los m\u00e1s diversos productos y proyectos. Esto se debe a la gran capilaridad de la empresa para llevar a cabo negocios exitosos en todo el mundo.&hellip;<\/p>\n","protected":false},"author":1,"featured_media":0,"parent":0,"menu_order":0,"comment_status":"closed","ping_status":"closed","template":"","meta":{"_joinchat":[],"footnotes":""},"class_list":["post-2815","page","type-page","status-publish","hentry"],"acf":[],"_links":{"self":[{"href":"https:\/\/meklogistics.com.br\/es\/wp-json\/wp\/v2\/pages\/2815","targetHints":{"allow":["GET"]}}],"collection":[{"href":"https:\/\/meklogistics.com.br\/es\/wp-json\/wp\/v2\/pages"}],"about":[{"href":"https:\/\/meklogistics.com.br\/es\/wp-json\/wp\/v2\/types\/page"}],"author":[{"embeddable":true,"href":"https:\/\/meklogistics.com.br\/es\/wp-json\/wp\/v2\/users\/1"}],"replies":[{"embeddable":true,"href":"https:\/\/meklogistics.com.br\/es\/wp-json\/wp\/v2\/comments?post=2815"}],"version-history":[{"count":22,"href":"https:\/\/meklogistics.com.br\/es\/wp-json\/wp\/v2\/pages\/2815\/revisions"}],"predecessor-version":[{"id":3172,"href":"https:\/\/meklogistics.com.br\/es\/wp-json\/wp\/v2\/pages\/2815\/revisions\/3172"}],"wp:attachment":[{"href":"https:\/\/meklogistics.com.br\/es\/wp-json\/wp\/v2\/media?parent=2815"}],"curies":[{"name":"wp","href":"https:\/\/api.w.org\/{rel}","templated":true}]}}