{"id":2822,"date":"2023-06-13T17:06:48","date_gmt":"2023-06-13T20:06:48","guid":{"rendered":"https:\/\/meklogistics.com.br\/?page_id=2822"},"modified":"2023-08-05T19:38:56","modified_gmt":"2023-08-05T22:38:56","slug":"frete_rodoviario","status":"publish","type":"page","link":"https:\/\/meklogistics.com.br\/es\/frete_rodoviario\/","title":{"rendered":"TRANSPORTE POR CARRETERA"},"content":{"rendered":"<div class=\"wpb-content-wrapper\"><p>[vc_row full_width=\u00bbstretch_row\u00bb][vc_column][layerslider_vc id=\u00bb3&#8243;][\/vc_column][\/vc_row][vc_row][vc_column width=\u00bb1\/6&#8243;][\/vc_column][vc_column width=\u00bb3\/4&#8243;][lab_heading title=\u00bbTRANSPORTE POR CARRETERA\u00bb][\/lab_heading][\/vc_column][\/vc_row][vc_row][vc_column width=\u00bb1\/6&#8243;][vc_empty_space][\/vc_column][vc_column width=\u00bb2\/3&#8243;][vc_column_text css_animation=\u00bbleft-to-right\u00bb]<\/p>\n<p style=\"text-align: justify;\"><span style=\"font-weight: 400;\">Nuestra misi\u00f3n es facilitar el transporte de bienes de forma segura y puntual. Para ello, contamos con un equipo altamente cualificado de profesionales dedicados y una flota de veh\u00edculos diversa, capaz de satisfacer una amplia gama de demandas.<\/span><\/p>\n<p style=\"text-align: justify;\"><span style=\"font-weight: 400;\">Ofrecemos una variedad de servicios personalizados para satisfacer las necesidades espec\u00edficas de cada cliente. Ya sea para el transporte de carga a peque\u00f1a escala o para grandes operaciones log\u00edsticas.<\/span><\/p>\n<p style=\"text-align: justify;\"><span style=\"font-weight: 400;\">Nuestros servicios incluyen:<\/span><\/p>\n<ul style=\"text-align: justify;\">\n<li style=\"font-weight: 400;\" aria-level=\"1\"><span style=\"font-weight: 400;\">Recolecci\u00f3n y entrega con nuestra propia flota dedicada: Para un mayor control y agilidad, contamos con nuestra propia flota dedicada para la recolecci\u00f3n y entrega de su carga. Nuestros veh\u00edculos est\u00e1n matriculados de acuerdo con la legislaci\u00f3n vigente, y nuestro personal capacitado se asegura de que sus bienes sean manipulados con cuidado y entregados en el tiempo estipulado.<\/span><\/li>\n<\/ul>\n<ul style=\"text-align: justify;\">\n<li style=\"font-weight: 400;\" aria-level=\"1\"><span style=\"font-weight: 400;\">Seguimiento y supervisi\u00f3n: para brindarle visibilidad y control completos sobre sus env\u00edos, ofrecemos servicios de seguimiento y supervisi\u00f3n en tiempo real. Adem\u00e1s del seguimiento, tambi\u00e9n puede seguir el progreso de sus productos en cualquier momento.<\/span><\/li>\n<li style=\"font-weight: 400;\" aria-level=\"1\"><span style=\"font-weight: 400;\">Transporte internacional: Si necesita enviar bienes a otros pa\u00edses, ofrecemos servicios de transporte internacional. Trabajamos en sociedad con una red global de agentes y proveedores confiables, asegurando que sus env\u00edos lleguen a su destino de manera eficiente.<\/span><\/li>\n<\/ul>\n<p style=\"text-align: justify;\"><span style=\"font-weight: 400;\">Estamos comprometidos a establecer asociaciones a largo plazo y ofrecer soluciones log\u00edsticas eficientes para impulsar el crecimiento de su negocio. Vea c\u00f3mo nuestros servicios de transporte terrestre pueden satisfacer sus necesidades de manera eficiente y confiable.<\/span><\/p>\n<p>[\/vc_column_text][\/vc_column][vc_column width=\u00bb1\/6&#8243;][\/vc_column][\/vc_row]<\/p>\n<\/div>","protected":false},"excerpt":{"rendered":"<p>[vc_row full_width=\u00bbstretch_row\u00bb][vc_column][layerslider_vc id=\u00bb3&#8243;][\/vc_column][\/vc_row][vc_row][vc_column width=\u00bb1\/6&#8243;][\/vc_column][vc_column width=\u00bb3\/4&#8243;][lab_heading title=\u00bbTRANSPORTE POR CARRETERA\u00bb][\/lab_heading][\/vc_column][\/vc_row][vc_row][vc_column width=\u00bb1\/6&#8243;][vc_empty_space][\/vc_column][vc_column width=\u00bb2\/3&#8243;][vc_column_text css_animation=\u00bbleft-to-right\u00bb] Nuestra misi\u00f3n es facilitar el transporte de bienes de forma segura y puntual. Para ello, contamos con un equipo altamente cualificado de profesionales dedicados y una flota de veh\u00edculos diversa, capaz de satisfacer una amplia gama de demandas. Ofrecemos una variedad de servicios personalizados&hellip;<\/p>\n","protected":false},"author":1,"featured_media":0,"parent":0,"menu_order":0,"comment_status":"closed","ping_status":"closed","template":"","meta":{"_joinchat":[],"footnotes":""},"class_list":["post-2822","page","type-page","status-publish","hentry"],"acf":[],"_links":{"self":[{"href":"https:\/\/meklogistics.com.br\/es\/wp-json\/wp\/v2\/pages\/2822","targetHints":{"allow":["GET"]}}],"collection":[{"href":"https:\/\/meklogistics.com.br\/es\/wp-json\/wp\/v2\/pages"}],"about":[{"href":"https:\/\/meklogistics.com.br\/es\/wp-json\/wp\/v2\/types\/page"}],"author":[{"embeddable":true,"href":"https:\/\/meklogistics.com.br\/es\/wp-json\/wp\/v2\/users\/1"}],"replies":[{"embeddable":true,"href":"https:\/\/meklogistics.com.br\/es\/wp-json\/wp\/v2\/comments?post=2822"}],"version-history":[{"count":40,"href":"https:\/\/meklogistics.com.br\/es\/wp-json\/wp\/v2\/pages\/2822\/revisions"}],"predecessor-version":[{"id":3164,"href":"https:\/\/meklogistics.com.br\/es\/wp-json\/wp\/v2\/pages\/2822\/revisions\/3164"}],"wp:attachment":[{"href":"https:\/\/meklogistics.com.br\/es\/wp-json\/wp\/v2\/media?parent=2822"}],"curies":[{"name":"wp","href":"https:\/\/api.w.org\/{rel}","templated":true}]}}