{"id":2828,"date":"2023-06-13T17:10:32","date_gmt":"2023-06-13T20:10:32","guid":{"rendered":"https:\/\/meklogistics.com.br\/?page_id=2828"},"modified":"2024-03-06T16:20:00","modified_gmt":"2024-03-06T19:20:00","slug":"especialidade","status":"publish","type":"page","link":"https:\/\/meklogistics.com.br\/es\/especialidade\/","title":{"rendered":"Especialidad"},"content":{"rendered":"<div class=\"wpb-content-wrapper\"><p>[vc_row full_width=\u00bbstretch_row_content_no_spaces\u00bb][vc_column]\n\t\t\t<!-- START Intro Especialidade REVOLUTION SLIDER 6.7.18 --><p class=\"rs-p-wp-fix\"><\/p>\n\t\t\t<rs-module-wrap id=\"rev_slider_6_3_wrapper\" data-source=\"gallery\" style=\"visibility:hidden;background:#000000;padding:0;margin:0px auto;margin-top:0;margin-bottom:0;\">\n\t\t\t\t<rs-module id=\"rev_slider_6_3\" style=\"\" data-version=\"6.7.18\">\n\t\t\t\t\t<rs-slides style=\"overflow: hidden; position: absolute;\">\n\t\t\t\t\t\t<rs-slide style=\"position: absolute;\" data-key=\"rs-9\" data-title=\"3\" data-anim=\"p:light;\" data-in=\"prst:rndfade;o:0;\" data-out=\"o:0;\" data-sloop=\"s:0;e:15000;\">\n\t\t\t\t\t\t\t<img fetchpriority=\"high\" decoding=\"async\" src=\"\/\/meklogistics.com.br\/wp-content\/plugins\/revslider\/sr6\/assets\/assets\/dummy.png\" alt=\"\" title=\"Intro-Especialidade_9.jpeg\" width=\"1280\" height=\"400\" class=\"rev-slidebg tp-rs-img rs-lazyload\" data-lazyload=\"\/\/meklogistics.com.br\/wp-content\/uploads\/revslider\/video-media\/Intro-Especialidade_9.jpeg\" data-no-retina>\n\t\t\t\t\t\t\t<rs-bgvideo \n\t\t\t\t\t\t\t\tdata-video=\"w:100%;h:100%;end:00:15;nse:false;sat:true;l:true;ptimer:false;vfc:false;\"\n\t\t\t\t\t\t\t\tdata-mp4=\"\/\/meklogistics.com.br\/wp-content\/uploads\/2023\/06\/Intro-Especialidade.mp4\"\n\t\t\t\t\t\t\t><\/rs-bgvideo>\n<!---->\t\t\t\t\t<\/rs-slide>\n\t\t\t\t\t<\/rs-slides>\n\t\t\t\t<\/rs-module>\n\t\t\t\t<script>\n\t\t\t\t\tsetREVStartSize({c: 'rev_slider_6_3',rl:[1240,1024,778,480],el:[350,700,960,480],gw:[1140,1024,778,720],gh:[350,350,350,350],type:'standard',justify:'',layout:'fullwidth',mh:\"0\"});if (window.RS_MODULES!==undefined && window.RS_MODULES.modules!==undefined && window.RS_MODULES.modules[\"revslider63\"]!==undefined) {window.RS_MODULES.modules[\"revslider63\"].once = false;window.revapi6_3 = undefined;if (window.RS_MODULES.checkMinimal!==undefined) window.RS_MODULES.checkMinimal()}\n\t\t\t\t<\/script>\n\t\t\t<\/rs-module-wrap>\n\t\t\t<!-- END REVOLUTION SLIDER -->\n[\/vc_column][\/vc_row][vc_row][vc_column width=\u00bb1\/6&#8243;][\/vc_column][vc_column width=\u00bb3\/4&#8243;][vc_empty_space][lab_heading title=\u00bbEspecialidad\u00bb][\/lab_heading][\/vc_column][\/vc_row][vc_row][vc_column width=\u00bb1\/6&#8243;][vc_empty_space][\/vc_column][vc_column width=\u00bb2\/3&#8243;][vc_column_text css_animation=\u00bbleft-to-right\u00bb]<\/p>\n<p style=\"text-align: justify;\"><span style=\"font-weight: 400;\">M&amp;K Log es una empresa especializada en el transporte de mercader\u00edas peligrosas y material militar. Contamos con la experiencia necesaria para garantizar la total seguridad de la operaci\u00f3n, desde la planificaci\u00f3n del env\u00edo hasta la llegada al destino final.<\/span><\/p>\n<p style=\"text-align: justify;\"><span style=\"font-weight: 400;\">Nuestro compromiso es ofrecer tratamientos especiales para materiales considerados peligrosos, asegurando la integridad de las mercader\u00edas y la tranquilidad a nuestros clientes. Trabajamos con una amplia gama de productos, entre ellos:<\/span><\/p>\n<p>[\/vc_column_text][vc_single_image image=\u00bb3179&#8243; img_size=\u00bb700X500&#8243; css_animation=\u00bbtop-to-bottom\u00bb][vc_column_text css_animation=\u00bbleft-to-right\u00bb]<\/p>\n<p style=\"text-align: justify;\"><span style=\"font-weight: 400;\">Entre los servicios que ofrecemos, se destacan los siguientes:<\/span><\/p>\n<ul style=\"text-align: justify;\">\n<li style=\"font-weight: 400;\" aria-level=\"1\"><span style=\"font-weight: 400;\">Gesti\u00f3n de la documentaci\u00f3n: Sabemos que el transporte de productos controlados, peligrosos y sensibles implica una serie de documentos y certificaciones espec\u00edficas. Nuestro equipo de expertos se encarga de todo el papeleo necesario, incluidas las declaraciones de mercader\u00edas peligrosas, los certificados de origen y cualquier otra documentaci\u00f3n requerida por las autoridades reguladoras.<\/span><\/li>\n<li style=\"font-weight: 400;\" aria-level=\"1\"><span style=\"font-weight: 400;\">Embalaje y etiquetado adecuado: Nos aseguramos de que todas las mercader\u00edas est\u00e9n correctamente embaladas y etiquetadas de acuerdo con los requisitos de seguridad y la normativa espec\u00edfica para mercader\u00edas controladas y peligrosas. Utilizamos materiales de embalaje adecuados, etiquetas de advertencia y se\u00f1alizaci\u00f3n clara para garantizar una identificaci\u00f3n correcta durante todo el env\u00edo.<\/span><\/li>\n<li style=\"font-weight: 400;\" aria-level=\"1\"><span style=\"font-weight: 400;\">Gesti\u00f3n de riesgos y cumplimiento: contamos con un riguroso sistema de gesti\u00f3n de riesgos y cumplimiento para garantizar que todas las operaciones se lleven a cabo de conformidad con las normas internacionales y locales. Realizamos evaluaciones de riesgo detalladas, implementamos las medidas de seguridad adecuadas y realizamos auditor\u00edas peri\u00f3dicas para garantizar el cumplimiento continuo.<\/span><\/li>\n<\/ul>\n<p style=\"text-align: justify;\"><span style=\"font-weight: 400;\">Entendemos la importancia de garantizar la seguridad y confiabilidad en el transporte de mercader\u00edas peligrosas y materiales de guerra. Nuestros procesos de gesti\u00f3n de riesgos y cumplimiento son rigurosos y estamos constantemente actualizados sobre las mejores pr\u00e1cticas de la industria.<\/span><\/p>\n<p style=\"text-align: justify;\"><span style=\"font-weight: 400;\">Cuente con nosotros para brindarle soluciones log\u00edsticas personalizadas que satisfagan sus necesidades espec\u00edficas y garanticen la seguridad y el \u00e9xito de sus operaciones con mercanc\u00edas peligrosas y material b\u00e9lico. Su tranquilidad es nuestra prioridad.<\/span><\/p>\n<p>[\/vc_column_text][\/vc_column][vc_column width=\u00bb1\/6&#8243;][\/vc_column][\/vc_row]<\/p>\n<\/div>","protected":false},"excerpt":{"rendered":"<p>[vc_row full_width=\u00bbstretch_row_content_no_spaces\u00bb][vc_column][\/vc_column][\/vc_row][vc_row][vc_column width=\u00bb1\/6&#8243;][\/vc_column][vc_column width=\u00bb3\/4&#8243;][vc_empty_space][lab_heading title=\u00bbEspecialidad\u00bb][\/lab_heading][\/vc_column][\/vc_row][vc_row][vc_column width=\u00bb1\/6&#8243;][vc_empty_space][\/vc_column][vc_column width=\u00bb2\/3&#8243;][vc_column_text css_animation=\u00bbleft-to-right\u00bb] M&amp;K Log es una empresa especializada en el transporte de mercader\u00edas peligrosas y material militar. Contamos con la experiencia necesaria para garantizar la total seguridad de la operaci\u00f3n, desde la planificaci\u00f3n del env\u00edo hasta la llegada al destino final. Nuestro compromiso es ofrecer tratamientos especiales para materiales&hellip;<\/p>\n","protected":false},"author":1,"featured_media":0,"parent":0,"menu_order":0,"comment_status":"closed","ping_status":"closed","template":"","meta":{"_joinchat":[],"footnotes":""},"class_list":["post-2828","page","type-page","status-publish","hentry"],"acf":[],"_links":{"self":[{"href":"https:\/\/meklogistics.com.br\/es\/wp-json\/wp\/v2\/pages\/2828","targetHints":{"allow":["GET"]}}],"collection":[{"href":"https:\/\/meklogistics.com.br\/es\/wp-json\/wp\/v2\/pages"}],"about":[{"href":"https:\/\/meklogistics.com.br\/es\/wp-json\/wp\/v2\/types\/page"}],"author":[{"embeddable":true,"href":"https:\/\/meklogistics.com.br\/es\/wp-json\/wp\/v2\/users\/1"}],"replies":[{"embeddable":true,"href":"https:\/\/meklogistics.com.br\/es\/wp-json\/wp\/v2\/comments?post=2828"}],"version-history":[{"count":34,"href":"https:\/\/meklogistics.com.br\/es\/wp-json\/wp\/v2\/pages\/2828\/revisions"}],"predecessor-version":[{"id":3227,"href":"https:\/\/meklogistics.com.br\/es\/wp-json\/wp\/v2\/pages\/2828\/revisions\/3227"}],"wp:attachment":[{"href":"https:\/\/meklogistics.com.br\/es\/wp-json\/wp\/v2\/media?parent=2828"}],"curies":[{"name":"wp","href":"https:\/\/api.w.org\/{rel}","templated":true}]}}